{"id":4957,"date":"2025-08-09T16:00:23","date_gmt":"2025-08-09T16:00:23","guid":{"rendered":"https:\/\/udustria.com\/generadores\/?post_type=product&#038;p=4957"},"modified":"2025-09-15T14:17:27","modified_gmt":"2025-09-15T14:17:27","slug":"tablero-de-transferencia-automatico-ats-100a-100-amperios","status":"publish","type":"product","link":"https:\/\/udustria.com\/generadores\/tablero-de-transferencia-automatico-ats-100a-100-amperios\/","title":{"rendered":"Tablero de Transferencia Autom\u00e1tico ATS 100A &#8211; 100 AMPERIOS"},"content":{"rendered":"<p style=\"text-align: justify\"><span style=\"color: #333333\"><strong>TABLERO DE TRANSFERENCIA AUTOM\u00c1TICA<\/strong> (ATS por sus siglas en ingl\u00e9s: Automatic Transfer Switch) es un complemento de nuestros generadores. Se encarga de monitorear la continuidad de la energ\u00eda de la red el\u00e9ctrica. Al momento de identificar un corte de suministro, el equipo ATS env\u00eda una se\u00f1al al equipo, indic\u00e1ndole que debe comenzar a funcionar, y a su vez al detectar la vuelta de la red el\u00e9ctrica, entrega una se\u00f1al al generador, deteniendo as\u00ed su funcionamiento.<\/span><\/p>\n","protected":false},"excerpt":{"rendered":"<p>TABLERO DE TRANSFERENCIA AUTOM\u00c1TICA (ATS por sus siglas en ingl\u00e9s: Automatic Transfer Switch) es un complemento de nuestros generadores. Se encarga de monitorear la continuidad de la energ\u00eda de la red el\u00e9ctrica. Al momento de identificar un corte de suministro, el equipo ATS env\u00eda una se\u00f1al al equipo, indic\u00e1ndole que debe comenzar a funcionar, y [&hellip;]<\/p>\n","protected":false},"featured_media":4959,"comment_status":"open","ping_status":"closed","template":"","meta":{"_acf_changed":false},"product_brand":[26,27],"product_cat":[17],"product_tag":[],"class_list":{"0":"post-4957","1":"product","2":"type-product","3":"status-publish","4":"has-post-thumbnail","6":"product_brand-bonelly","7":"product_brand-udustria-energy","8":"product_cat-tableros-de-transferencia","10":"first","11":"instock","12":"shipping-taxable","13":"product-type-simple"},"acf":[],"_links":{"self":[{"href":"https:\/\/udustria.com\/generadores\/wp-json\/wp\/v2\/product\/4957","targetHints":{"allow":["GET"]}}],"collection":[{"href":"https:\/\/udustria.com\/generadores\/wp-json\/wp\/v2\/product"}],"about":[{"href":"https:\/\/udustria.com\/generadores\/wp-json\/wp\/v2\/types\/product"}],"replies":[{"embeddable":true,"href":"https:\/\/udustria.com\/generadores\/wp-json\/wp\/v2\/comments?post=4957"}],"wp:featuredmedia":[{"embeddable":true,"href":"https:\/\/udustria.com\/generadores\/wp-json\/wp\/v2\/media\/4959"}],"wp:attachment":[{"href":"https:\/\/udustria.com\/generadores\/wp-json\/wp\/v2\/media?parent=4957"}],"wp:term":[{"taxonomy":"product_brand","embeddable":true,"href":"https:\/\/udustria.com\/generadores\/wp-json\/wp\/v2\/product_brand?post=4957"},{"taxonomy":"product_cat","embeddable":true,"href":"https:\/\/udustria.com\/generadores\/wp-json\/wp\/v2\/product_cat?post=4957"},{"taxonomy":"product_tag","embeddable":true,"href":"https:\/\/udustria.com\/generadores\/wp-json\/wp\/v2\/product_tag?post=4957"}],"curies":[{"name":"wp","href":"https:\/\/api.w.org\/{rel}","templated":true}]}}