{"id":4966,"date":"2025-08-09T17:11:16","date_gmt":"2025-08-09T17:11:16","guid":{"rendered":"https:\/\/udustria.com\/generadores\/?post_type=product&#038;p=4966"},"modified":"2025-09-15T14:17:27","modified_gmt":"2025-09-15T14:17:27","slug":"generador-petrolero-6-kw-bnk-9000a","status":"publish","type":"product","link":"https:\/\/udustria.com\/generadores\/generador-petrolero-6-kw-bnk-9000a\/","title":{"rendered":"Generador Petrolero 6 KW. BNK-9000A"},"content":{"rendered":"<p style=\"text-align: justify\"><span style=\"color: #333333\"><strong>\u00bfEn busca de un respaldo de energ\u00eda de calidad y confiable?.<\/strong><\/span><\/p>\n<p style=\"text-align: justify\"><span style=\"color: #333333\">Entonces, nuestros generadores port\u00e1tiles el\u00e9ctricos UDUSTRIA ENERGY son tu opci\u00f3n ideal, con capacidades que van desde los 2 KW hasta los 15 KW. Con un staff t\u00e9cnico con m\u00e1s de 20 a\u00f1os de experiencia, UDUSTRIA se ha destacado por ser una marca l\u00edder en el mercado, comprometida con satisfacer las necesidades de nuestros clientes y sus proyectos. Ofrecemos una amplia gama de productos y accesorios, respaldados por un servicio de mantenimiento y soporte t\u00e9cnico de primera categor\u00eda, disponible los siete d\u00edas de la semana. Nuestros Grupos Electr\u00f3genos, fabricados con tecnolog\u00eda de punta, son ideales tanto para proyectos residenciales como industriales. Contamos con operaciones estrat\u00e9gicamente ubicadas en todo el pa\u00eds. Visita nuestra p\u00e1gina web en Udustria.com para mayor informaci\u00f3n.<\/span><\/p>\n","protected":false},"excerpt":{"rendered":"<p>\u00bfEn busca de un respaldo de energ\u00eda de calidad y confiable?. Entonces, nuestros generadores port\u00e1tiles el\u00e9ctricos UDUSTRIA ENERGY son tu opci\u00f3n ideal, con capacidades que van desde los 2 KW hasta los 15 KW. Con un staff t\u00e9cnico con m\u00e1s de 20 a\u00f1os de experiencia, UDUSTRIA se ha destacado por ser una marca l\u00edder en [&hellip;]<\/p>\n","protected":false},"featured_media":4969,"comment_status":"open","ping_status":"closed","template":"","meta":{"_acf_changed":false},"product_brand":[26],"product_cat":[18],"product_tag":[],"class_list":{"0":"post-4966","1":"product","2":"type-product","3":"status-publish","4":"has-post-thumbnail","6":"product_brand-bonelly","7":"product_cat-generadores-portatiles","9":"first","10":"instock","11":"shipping-taxable","12":"product-type-simple"},"acf":[],"_links":{"self":[{"href":"https:\/\/udustria.com\/generadores\/wp-json\/wp\/v2\/product\/4966","targetHints":{"allow":["GET"]}}],"collection":[{"href":"https:\/\/udustria.com\/generadores\/wp-json\/wp\/v2\/product"}],"about":[{"href":"https:\/\/udustria.com\/generadores\/wp-json\/wp\/v2\/types\/product"}],"replies":[{"embeddable":true,"href":"https:\/\/udustria.com\/generadores\/wp-json\/wp\/v2\/comments?post=4966"}],"wp:featuredmedia":[{"embeddable":true,"href":"https:\/\/udustria.com\/generadores\/wp-json\/wp\/v2\/media\/4969"}],"wp:attachment":[{"href":"https:\/\/udustria.com\/generadores\/wp-json\/wp\/v2\/media?parent=4966"}],"wp:term":[{"taxonomy":"product_brand","embeddable":true,"href":"https:\/\/udustria.com\/generadores\/wp-json\/wp\/v2\/product_brand?post=4966"},{"taxonomy":"product_cat","embeddable":true,"href":"https:\/\/udustria.com\/generadores\/wp-json\/wp\/v2\/product_cat?post=4966"},{"taxonomy":"product_tag","embeddable":true,"href":"https:\/\/udustria.com\/generadores\/wp-json\/wp\/v2\/product_tag?post=4966"}],"curies":[{"name":"wp","href":"https:\/\/api.w.org\/{rel}","templated":true}]}}